{"id":26,"date":"2020-04-05T10:46:19","date_gmt":"2020-04-05T08:46:19","guid":{"rendered":"http:\/\/kodatrakcyjnosci.pl\/zamowienie\/?page_id=26"},"modified":"2020-06-09T22:13:33","modified_gmt":"2020-06-09T20:13:33","slug":"regulamin","status":"publish","type":"page","link":"https:\/\/kodatrakcyjnosci.pl\/zamowienie\/regulamin\/","title":{"rendered":"Regulamin"},"content":{"rendered":"\n<p><strong>\u00a7.1 INFORMACJE OG\u00d3LNE<\/strong><\/p>\n\n\n\n<ol type=\"1\"><li>Niniejszy regulamin (zwany dalej <strong>Regulaminem<\/strong>) normuje zasady i warunki sprzeda\u017cy produktu Kreator Milioner\u00f3w w serwisie internetowym zlokalizowanego pod adresem kodatrakcyjnosci.pl (zwanym dalej <strong>Serwisem<\/strong>).<\/li><li>W zakresie nieuregulowanym Regulaminem maj\u0105 zastosowanie postanowienia Regulaminu serwisu kodatrakcyjnosci.pl (<a href=\"https:\/\/kodatrakcyjnosci.pl\/regulamin.pdf\">https:\/\/kodatrakcyjnosci.pl\/regulamin.pdf<\/a>) oraz Polityki prywatno\u015bci serwisu kodatrakcyjnosci.pl (<a href=\"https:\/\/kodatrakcyjnosci.pl\/polityka-prywatnosci.pdf\">https:\/\/kodatrakcyjnosci.pl\/polityka-prywatnosci.pdf<\/a>).<\/li><li>Bez \u017cadnych zobowi\u0105za\u0144, ka\u017cda osoba mo\u017ce przegl\u0105da\u0107 zasoby Serwisu w tym ofert\u0119 sprzeda\u017cy produktu Kreator Milioner\u00f3w, lecz z chwil\u0105 dokonania jakichkolwiek czynno\u015bci w tym Serwisie w&nbsp;zakresie produktu Kreator Milioner\u00f3w (na przyk\u0142ad poprzez: z\u0142o\u017cenie zam\u00f3wienia), osoba taka staje si\u0119 jego U\u017cytkownikiem i o\u015bwiadcza, i\u017c zapozna\u0142a si\u0119 z Regulaminem oraz Regulaminem serwisu kodatrakcyjnosci.pl i Polityk\u0105 Prywatno\u015bci, w pe\u0142ni akceptuje zawarte w nich postanowienia i&nbsp;zobowi\u0105zuje si\u0119 do ich bezwzgl\u0119dnego przestrzegania \u2013 w przeciwnym przypadku ka\u017cdy, kto nie zgadza si\u0119 z powy\u017cszym, powinien powstrzyma\u0107 si\u0119 od korzystania z us\u0142ug Serwisu maj\u0105cych na celu zakup produktu Kreator Milioner\u00f3w, a Administrator ma prawo odm\u00f3wienia takiej osobie sprzeda\u017cy produktu Kreator Milioner\u00f3w.<\/li><li>W\u0142a\u015bcicielem i administratorem Serwisu jest firma PROMNET Jacek Wi\u015bniowski z siedzib\u0105 ul. Starzy\u0144skiego 19, 39-200 D\u0119bica, NIP: 8721263780, REGON: 691738555 (zwana dalej Administratorem).<\/li><li>Do korzystania z Serwisu wymagane s\u0105 standardowe urz\u0105dzenia wraz z oprogramowaniem, pozwalaj\u0105ce na przegl\u0105danie stron WWW, a tak\u017ce posiadanie skrzynki pocztowej email oraz mo\u017cliwo\u015bci i umiej\u0119tno\u015bci komunikowania si\u0119 za po\u015brednictwem poczty elektronicznej.<\/li><li>Do prawid\u0142owego funkcjonowania Serwisu wymagane jest posiadanie oprogramowania do przegl\u0105dania stron WWW obs\u0142uguj\u0105cego technologi\u0119 plik\u00f3w \u201acookies\u2019 \u2013 w przypadku niedost\u0119pno\u015bci tej technologii w oprogramowaniu os\u00f3b korzystaj\u0105cych z Serwisu, mo\u017ce on funkcjonowa\u0107 niepoprawnie, za co Administrator nie ponosi odpowiedzialno\u015bci, zalecaj\u0105c zainstalowanie lub odblokowanie w oprogramowaniu mo\u017cliwo\u015bci stosowania technologii plik\u00f3w \u201acookies\u2019. Technologia plik\u00f3w \u201acookies\u2019 polega na zapisywaniu w pami\u0119ci system\u00f3w informatycznych (komputery) os\u00f3b odwiedzaj\u0105cych Serwis plik\u00f3w z informacjami s\u0142u\u017c\u0105cymi do personalizacji us\u0142ug Serwisu dla danej osoby oraz z informacjami s\u0142u\u017c\u0105cymi statystykom ruchu w&nbsp;Serwisie.<\/li><\/ol>\n\n\n\n<p><strong>\u00a7.2 PRZEDMIOT SPRZEDA\u017bY<\/strong><\/p>\n\n\n\n<ol type=\"1\"><li>Przedmiotem sprzeda\u017cy jest produkt Kreator Milioner\u00f3w (zwany dalej <strong>Produktem<\/strong>), kt\u00f3ry jest szkoleniem on-line. Wraz z zakupem ww. Produktu udost\u0119pnia si\u0119 kupuj\u0105cemu dost\u0119p do platformy VOD, dost\u0119p do ebook\u00f3w oraz dost\u0119p do konferencji LIVE na \u017cywo raz w tygodniu.<\/li><li>Przedmiotem sprzeda\u017cy jest dost\u0119p do platformy i jej zasob\u00f3w, kt\u00f3re s\u0105 dostarczane w formie plik\u00f3w elektronicznych i stanowi\u0105 cyfrow\u0105 form\u0105 utwor\u00f3w w rozumieniu ustawy z dnia 4 lutego 1994 r. o prawie autorskim i prawach pokrewnych, mog\u0105ce zawiera\u0107 interaktywne tre\u015bci merytoryczne i materia\u0142y multimedialne (np. zdj\u0119cia, e-booki, filmy, nagrania audio, prezentacje multimedialne, itp.).<\/li><\/ol>\n\n\n\n<p><strong>\u00a7.3 KORZYSTANIE Z SERWISU W CELU ZAKUPU PRODUKTU<\/strong><\/p>\n\n\n\n<p><strong>Dzia\u0142 A. Zasady Sk\u0142adania i Realizacji Zam\u00f3wie\u0144<\/strong><\/p>\n\n\n\n<ol type=\"1\"><li>Za po\u015brednictwem Serwisu U\u017cytkownicy mog\u0105 nabywa\u0107 oferowany Produkt (zwane dalej Transakcj\u0105).<\/li><li>Do realizacji Transakcji konieczne jest z\u0142o\u017cenie zam\u00f3wienia poprzez aktywowanie widocznych na stronie Serwisu odpowiednich opcji dost\u0119pnych przy ofercie Produktu i dalsze post\u0119powanie zgodnie z wskaz\u00f3wkami podawanymi zamawiaj\u0105cym na ka\u017cdym etapie procedury sk\u0142adania zam\u00f3wienia.<\/li><li>Warunkiem niezb\u0119dnym do skutecznego z\u0142o\u017cenia zam\u00f3wienia jest podanie niezb\u0119dnych danych i&nbsp;informacji w Serwisie oraz wykonywanie innych czynno\u015bci ka\u017cdorazowo dok\u0142adnie opisanych na \u0142amach Serwisu lub w korespondencji.<\/li><li>Ka\u017cde zam\u00f3wienie weryfikowane jest w spos\u00f3b zautomatyzowany poprzez wys\u0142anie wiadomo\u015bci email na adres podany przez U\u017cytkownika przy sk\u0142adaniu zam\u00f3wienia. Otrzymanie wiadomo\u015bci email informuj\u0105cej o pozytywnym statusie przyj\u0119cia zam\u00f3wienia do realizacji oznacza, i\u017c zam\u00f3wienie zosta\u0142o z\u0142o\u017cone prawid\u0142owo.<\/li><li>Zam\u00f3wienia realizowane s\u0105 po otrzymaniu przez Administratora nale\u017cno\u015bci uiszczanej dost\u0119pnymi w Serwisie kana\u0142ami p\u0142atno\u015bci, tytu\u0142em zap\u0142aty ceny.<\/li><li>Podstawowym sposobem dostawy zam\u00f3wionego Produktu jest wej\u015bcie na platform\u0119 za pomoc\u0105 otrzymanego po dokonaniu zap\u0142aty klucza dost\u0119pu.<\/li><li>Zap\u0142ata nast\u0119puje w formie przelewu, p\u0142atno\u015bci on-line tpay lub te\u017c poprzez p\u0142atno\u015b\u0107 rataln\u0105 paypal.<\/li><li>Zamawiaj\u0105cy nie ma prawa udost\u0119pnia\u0107 hiper\u0142\u0105cza do zakupionego ebooka innym osobom, a&nbsp;w&nbsp;przypadku prawid\u0142owego pobrania lub udost\u0119pnienia innymi sposobami pliku mp3 i ebooka, uwa\u017ca si\u0119 zam\u00f3wienie za zrealizowane. Podstaw\u0105 do ustalenia, czy ebook, nagranie zosta\u0142o prawid\u0142owo pobrane, jest tylko i wy\u0142\u0105cznie zapis w systemie informatycznym Serwisu, \u017ce transmisja pliku zrealizowana zosta\u0142a pomy\u015blnie, bez wzgl\u0119du na to, kto dokona\u0142 faktycznie pobrania poprzez link udost\u0119pniony zamawiaj\u0105cemu.<\/li><li>W trakcie sk\u0142adania zam\u00f3wienia wymagane jest wyra\u017cenie zgody przez U\u017cytkownika na dostarczenie tre\u015bci cyfrowych przed up\u0142ywem terminu odst\u0105pienia od umowy zawartej na odleg\u0142o\u015b\u0107 w okoliczno\u015bciach powoduj\u0105cych utrat\u0119 prawa odst\u0105pienia od umowy.<\/li><\/ol>\n\n\n\n<p><strong>Dzia\u0142 B. Prawa Do Zakupionych Lekcji Kursu \u2013 Ebook\u00f3w i nagra\u0144 mp3<\/strong><\/p>\n\n\n\n<ol type=\"1\"><li>Nabywca Produktu w postaci ebooka, nagra\u0144 mp3 mo\u017ce u\u017cytkowa\u0107 go zgodnie z&nbsp;przeznaczeniem, czyli odtwarza\u0107 w elektronicznych urz\u0105dzeniach, wprowadza\u0107 do pami\u0119ci komputera lub innych w\u0142a\u015bciwych urz\u0105dze\u0144 w celu zapoznania si\u0119 z tre\u015bci\u0105 utworu, jednak bez mo\u017cliwo\u015bci powielania pliku ebooka, kopiowania i wykorzystywania w spos\u00f3b niedozwolony prawem jego tre\u015bci w ca\u0142o\u015bci lub we fragmentach albo zmieniania jego struktury elektronicznej (np. format pliku) lub innego modyfikowania pliku mp3, ebooka (np. usuwanie zabezpiecze\u0144 lub oznacze\u0144). Niedozwolone jest r\u00f3wnie\u017c dystrybuowanie takiego ebooka oraz nagra\u0144, udost\u0119pnianie lub odtwarzanie publiczne, bez wzgl\u0119du na cel i form\u0119 tych dzia\u0142a\u0144. Wszystko powy\u017csze mo\u017ce by\u0107 uzgodnione inaczej z Administratorem tylko w formie pisemnej, o ile odmienne warunki nie zostan\u0105 przewidziane dla danego konkretnego ebooka oraz nagra\u0144 mp3.<\/li><li>Administrator zezwala na sporz\u0105dzenie jednej kopii zapasowej Produktu w postaci ebooka, nagra\u0144 mp3 na oddzielnym no\u015bniku informacji elektronicznej, celem zabezpieczenia przed utrat\u0105 orygina\u0142u, gdy\u017c nie jest mo\u017cliwym otrzymanie nast\u0119pnej kopii ebooka, nagra\u0144 mp3, w przypadku jego utraty, poza mo\u017cliwo\u015bci\u0105 ponownego jego zakupienia, o ile jeszcze b\u0119dzie w ofercie Serwisu.<\/li><li>Ka\u017cdy nabywaj\u0105cy Produkt, w tym nagrania mp3, ebooka zobowi\u0105zany jest dba\u0107 o to, aby \u017cadne inne nieupowa\u017cnione osoby nie mia\u0142y do niego dost\u0119pu w ten spos\u00f3b, aby mog\u0142y go powiela\u0107, dystrybuowa\u0107 bez zgody Administratora albo w inny spos\u00f3b niezgodny z zakresem udzielonych praw go wykorzystywa\u0107, gdy\u017c w przypadku wykrycia takich sytuacji, Administrator mo\u017ce kierowa\u0107 roszczenia z tego tytu\u0142u wzgl\u0119dem znanego mu nabywcy nagra\u0144 mp3, ebooka, z tytu\u0142u \u0142amania praw do danego egzemplarza kursu audio, ebooka.<\/li><li>Produkt, w tym wszelkie nagrania mp3, ebooki udost\u0119pniane na \u0142amach Serwisu \u2013 odp\u0142atnie lub nieodp\u0142atnie \u2013 podlegaj\u0105 ochronie przewidzianej w ustawie o prawie autorskim i prawach pokrewnych (Dz.U. 1994 Nr 24 poz. 83), a Administrator jest w\u0142a\u015bcicielem wszelkich praw w\u0142asno\u015bci intelektualnej oraz maj\u0105tkowych do Produktu oraz jakichkolwiek dzie\u0142 pochodnych powsta\u0142ych na jego podstawie.<\/li><li>Nazwa Serwisu, Produktu, ich koncepcja, wygl\u0105d graficzny oraz bazy danych s\u0105 w\u0142asno\u015bci\u0105 Administratora i podlegaj\u0105 ochronie prawnej.<\/li><\/ol>\n\n\n\n<p><strong>\u00a7.4 REKLAMACJE I ZWROTY<\/strong><\/p>\n\n\n\n<ol type=\"1\"><li>Wszelkie zak\u0142\u00f3cenia w funkcjonowaniu Serwisu, uwagi pod jego adresem i wszelkie inne sprawy zwi\u0105zane z celem i przedmiotem Serwisu mog\u0105 by\u0107 reklamowane przez U\u017cytkownik\u00f3w poprzez zg\u0142oszenie Administratorowi lub osobom pe\u0142ni\u0105cym rol\u0119 opiekun\u00f3w Serwisu lub U\u017cytkownika, przes\u0142ane drog\u0105 elektroniczn\u0105 lub tradycyjn\u0105 na adres korespondencyjny Administratora: Promnet, ul. Starzy\u0144skiego 19, 39-200 D\u0119bica.<\/li><li>Zg\u0142oszenia reklamacyjne b\u0119d\u0105 na bie\u017c\u0105co rozpatrywane przez Administratora w terminie nie d\u0142u\u017cszym ni\u017c 14 dni od otrzymania zg\u0142oszenia reklamacyjnego, jednak Administrator zastrzega sobie prawo pozostawienia reklamacji bez odpowiedzi, je\u017celi dotyczy ona dysfunkcji wynikaj\u0105cych z nieznajomo\u015bci Regulaminu, niezastosowania si\u0119 przez U\u017cytkownika do udzielanych wskaz\u00f3wek oraz informacji ukazuj\u0105cych si\u0119 na bie\u017c\u0105co na \u0142amach Serwisu.<\/li><li>Gwarancja satysfakcji, o kt\u00f3rej mowa w \u00a7 4 Regulaminu serwisu kodatrakcyjnosci.pl w zakresie Produktu jest wy\u0142\u0105czona.<\/li><li>Z uwagi na to, \u017ce przedmiotem sprzeda\u017cy jest dost\u0119p do platformy i jej zasob\u00f3w, kt\u00f3re s\u0105 dostarczane w formie plik\u00f3w elektronicznych, i do kt\u00f3rych U\u017cytkownik mo\u017ce uzyska\u0107 dost\u0119p przed up\u0142ywem terminu do odst\u0105pienia od umowy przewidzianym przez ustaw\u0119 z dnia 30 maja 2014 r. o prawach konsumenta, o czym Administrator informuje U\u017cytkownika przed udost\u0119pnieniem Produktu, U\u017cytkownika nie przys\u0142uguje prawo do odst\u0105pienia od umowy zawieranej za po\u015brednictwem Serwisu (zgodnie z art. 38 pkt 13 ustawy z dnia 30 maja 2014 r. o prawach konsumenta).<\/li><li>Administrator nie odpowiada wobec U\u017cytkownika b\u0119d\u0105cego przedsi\u0119biorc\u0105 za wady zrealizowanego \u015bwiadczenia, czyli r\u0119kojmia za wady jest wy\u0142\u0105czona w ca\u0142o\u015bci.<\/li><li>Odpowiedzialno\u015b\u0107 Administratora wobec U\u017cytkownika b\u0119d\u0105cego przedsi\u0119biorc\u0105 z tytu\u0142u niewykonania lub nienale\u017cytego wykonania umowy zawartej za po\u015brednictwem Serwisu dotycz\u0105cej zakupu Produktu, odst\u0105pienia od niej lub wszelkich innych szk\u00f3d wyrz\u0105dzonych przez Administratora ograniczona jest do rzeczywi\u015bcie poniesionych strat, bezpo\u015brednich skutk\u00f3w wynikaj\u0105cych z dzia\u0142ania b\u0105d\u017a zaniechania Administratora (szkody bezpo\u015brednie) oraz kwoty odpowiadaj\u0105cej dwukrotno\u015bci ceny uiszczonej przez U\u017cytkownika z tytu\u0142u nabytego \u015bwiadczenia. Administrator nie odpowiada wobec U\u017cytkownika b\u0119d\u0105cego przedsi\u0119biorc\u0105 za utracone korzy\u015bci oraz szkody po\u015brednie.<\/li><\/ol>\n\n\n\n<p><strong>\u00a7.5 Cena<\/strong><\/p>\n\n\n\n<ol type=\"1\"><li>Cena przy produkcie jest podawana w polskich z\u0142otych i stanowi kwot\u0119 brutto.<\/li><li>Opr\u00f3cz ceny produktu, by mo\u017cliwa by\u0142a dostawa tego\u017c produktu, konieczne jest uiszczenie tak\u017ce koszt\u00f3w wysy\u0142ki, chyba \u017ce zakupiony zosta\u0142 produkt, kt\u00f3ry zostanie przes\u0142any drog\u0105 elektroniczn\u0105, lub tez koszt wysy\u0142ki wynosi 0 z\u0142.<\/li><\/ol>\n\n\n\n<p><strong>\u00a7.6 POSTANOWIENIA KO\u0143COWE<\/strong><\/p>\n\n\n\n<ol type=\"1\"><li>Mimo dok\u0142adania wszelkich stara\u0144 jako\u015bciowych i weryfikacyjnych, Administrator nie odpowiada w maksymalnie szerokim zakresie, jak tylko pozwalaj\u0105 na to obowi\u0105zuj\u0105ce przepisy prawa, za tre\u015bci przekazywane i publikowane na \u0142amach Serwisu przez U\u017cytkownik\u00f3w oraz inne osoby, za ich prawdziwo\u015b\u0107, rzetelno\u015b\u0107 oraz autentyczno\u015b\u0107 wszelkich materia\u0142\u00f3w nie pochodz\u0105cych od Administratora lub przez niego autoryzowanych.<\/li><li>Administrator nie odpowiada za zdarzenia i wydarzenia oraz ich skutki, jakie mog\u0105 mie\u0107 lub mia\u0142y miejsce w \u015bwiecie rzeczywistym w wyniku korzystania z Serwisu, stosowania si\u0119 do tre\u015bci zawartych w nagraniach mp3, ebookach oraz w informacjach publikowanych na \u0142amach Serwisu, o ile nie pochodz\u0105 one od Administratora lub innych os\u00f3b dzia\u0142aj\u0105cych w jego imieniu.<\/li><li>Administrator nie udost\u0119pni w \u017caden inny spos\u00f3b, ni\u017c to wynika z celu Serwisu oraz zakresu udzielonych zg\u00f3d i o\u015bwiadcze\u0144, informacji i danych o U\u017cytkownikach jakimkolwiek innym podmiotom trzecim bez podstawy prawnej nakazuj\u0105cej Administratorowi takie dzia\u0142anie i&nbsp;zapewnia o podejmowaniu wszelkich stara\u0144, aby informacje te by\u0142y strze\u017cone w\u0142a\u015bciwie, a&nbsp;w&nbsp;szczeg\u00f3lno\u015bci w spos\u00f3b przewidziany przepisami ustawy o ochronie danych osobowych i&nbsp;rozporz\u0105dzeniami wydanymi na jej podstawie.<\/li><li>Administrator jako w\u0142a\u015bciciel i zarz\u0105dca Serwisu do\u0142o\u017cy wszelkich stara\u0144, aby Serwis oraz wszystkie us\u0142ugi udost\u0119pniane za jego po\u015brednictwem dzia\u0142a\u0142y w spos\u00f3b ci\u0105g\u0142y bez jakichkolwiek zak\u0142\u00f3ce\u0144, jednak\u017ce Administrator nie ponosi \u017cadnej odpowiedzialno\u015bci za zak\u0142\u00f3cenia spowodowane si\u0142\u0105 wy\u017csz\u0105 lub niedozwolon\u0105 ingerencj\u0105 U\u017cytkownik\u00f3w lub os\u00f3b trzecich w&nbsp;struktury system\u00f3w informatycznych obs\u0142uguj\u0105ce Serwis.<\/li><li>Administrator zastrzega sobie prawo do czasowego ca\u0142kowitego lub cz\u0119\u015bciowego wy\u0142\u0105czenia Serwisu w celu jego ulepszenia, dodawania us\u0142ug lub przeprowadzania konserwacji, bez wcze\u015bniejszego uprzedzania o tym U\u017cytkownik\u00f3w.<\/li><li>Administrator nie ponosi odpowiedzialno\u015bci za utrat\u0119 danych Serwisu zgromadzonych w&nbsp;systemach informatycznych Administratora, spowodowanych awari\u0105 sprz\u0119tu, dysfunkcj\u0105 sieci Internet, utrat\u0105 na skutek dzia\u0142ania os\u00f3b trzecich.<\/li><li>Administrator zastrzega sobie prawo do publikowania na \u0142amach Serwisu, informacji o&nbsp;U\u017cytkownikach, kt\u00f3rzy w spos\u00f3b uporczywy naruszaj\u0105 Regulamin lub w ten sam spos\u00f3b podejmuj\u0105 dzia\u0142ania sprzeczne z Regulaminem lub celem i charakterem Serwisu, albo dzia\u0142aj\u0105 na szkod\u0119 Administratora lub os\u00f3b trzecich.<\/li><li>Administrator zastrzega sobie prawo do anonimowej publikacji tre\u015bci kierowanych przez U\u017cytkownik\u00f3w do zespo\u0142u obs\u0142ugi Serwisu, a dotycz\u0105cych kwestii zwi\u0105zanych z funkcjonowaniem Serwisu (FAQ), udzielanymi poradami i innych, co do kt\u00f3rych Administrator uzna, \u017ce odpowiedzi na te tre\u015bci warte s\u0105 upublicznienia.<\/li><li>Zabronione jest bez zgody Administratora kopiowanie, powielanie lub jakiekolwiek inne wykorzystywanie w ca\u0142o\u015bci lub we fragmentach informacji, danych lub innych tre\u015bci dost\u0119pnych na \u0142amach Serwisu lub z niego pochodz\u0105cych, za wyj\u0105tkiem przypadk\u00f3w dozwolonego u\u017cytku wynikaj\u0105cych z ustawy o prawie autorskim i prawach pokrewnych (Dz.U. 1994 Nr 24 poz. 83).<\/li><li>Administrator zastrzega sobie prawo do dokonania cesji w cz\u0119\u015bci lub w ca\u0142o\u015bci wszelkich swoich praw i obowi\u0105zk\u00f3w zwi\u0105zanych z Serwisem.<\/li><li>Wszelkie postanowienia Regulaminu mog\u0105 by\u0107 w ka\u017cdej chwili zmieniane przez Administratora, bez podawania przyczyn. Zmiany b\u0119d\u0105 publikowane na bie\u017c\u0105co w postaci ujednoliconego tekstu Regulaminu na \u0142amach Serwisu wraz z informacj\u0105 o ich dokonaniu.<\/li><li>Po ukazaniu si\u0119 na stronach Serwisu informacji o zmianach w Regulaminie, U\u017cytkownik powinien niezw\u0142ocznie zapozna\u0107 si\u0119 ze zmianami, gdy\u017c zalogowanie lub jakakolwiek inna czynno\u015b\u0107 w&nbsp;Serwisie, dokonane po takim og\u0142oszeniu jednoznaczne s\u0105 z bezwarunkow\u0105 akceptacj\u0119 nowej tre\u015bci Regulaminu przez U\u017cytkownika.<\/li><li>W przypadku nie zaakceptowania zmian w Regulaminie, U\u017cytkownik powinien powstrzyma\u0107 si\u0119 od korzystania z Serwisu, a je\u017celi jest sta\u0142ym U\u017cytkownikiem, dla kt\u00f3rego zmiany Regulaminu mog\u0105 mie\u0107 znaczenie, powinien on o tym poinformowa\u0107 niezw\u0142ocznie Administratora.<\/li><li>O\u015bwiadczenie o nie zaakceptowaniu zmian w Regulaminie, poci\u0105gnie za sob\u0105 usuni\u0119cie U\u017cytkownika z udzia\u0142u we wszystkich aspektach sta\u0142ego funkcjonowania w Serwisie.<\/li><li>W sytuacji gdyby kt\u00f3rekolwiek z postanowie\u0144 niniejszego regulaminu okaza\u0142o si\u0119 nie wa\u017cne, pozosta\u0142e postanowienia pozostaj\u0105 wi\u0105\u017c\u0105ce dla stron, za\u015b&nbsp; w jego miejsce<\/li><\/ol>\n","protected":false},"excerpt":{"rendered":"<p>\u00a7.1 INFORMACJE OG\u00d3LNE Niniejszy regulamin (zwany dalej Regulaminem) normuje zasady i warunki sprzeda\u017cy produktu Kreator Milioner\u00f3w w serwisie internetowym zlokalizowanego pod adresem kodatrakcyjnosci.pl (zwanym dalej Serwisem). W zakresie nieuregulowanym Regulaminem maj\u0105 zastosowanie postanowienia Regulaminu serwisu kodatrakcyjnosci.pl (https:\/\/kodatrakcyjnosci.pl\/regulamin.pdf) oraz Polityki prywatno\u015bci serwisu kodatrakcyjnosci.pl (https:\/\/kodatrakcyjnosci.pl\/polityka-prywatnosci.pdf). Bez \u017cadnych zobowi\u0105za\u0144, ka\u017cda osoba mo\u017ce przegl\u0105da\u0107 zasoby Serwisu w tym ofert\u0119 [&hellip;]<\/p>\n","protected":false},"author":1,"featured_media":0,"parent":0,"menu_order":0,"comment_status":"closed","ping_status":"closed","template":"","meta":[],"_links":{"self":[{"href":"https:\/\/kodatrakcyjnosci.pl\/zamowienie\/wp-json\/wp\/v2\/pages\/26"}],"collection":[{"href":"https:\/\/kodatrakcyjnosci.pl\/zamowienie\/wp-json\/wp\/v2\/pages"}],"about":[{"href":"https:\/\/kodatrakcyjnosci.pl\/zamowienie\/wp-json\/wp\/v2\/types\/page"}],"author":[{"embeddable":true,"href":"https:\/\/kodatrakcyjnosci.pl\/zamowienie\/wp-json\/wp\/v2\/users\/1"}],"replies":[{"embeddable":true,"href":"https:\/\/kodatrakcyjnosci.pl\/zamowienie\/wp-json\/wp\/v2\/comments?post=26"}],"version-history":[{"count":3,"href":"https:\/\/kodatrakcyjnosci.pl\/zamowienie\/wp-json\/wp\/v2\/pages\/26\/revisions"}],"predecessor-version":[{"id":767,"href":"https:\/\/kodatrakcyjnosci.pl\/zamowienie\/wp-json\/wp\/v2\/pages\/26\/revisions\/767"}],"wp:attachment":[{"href":"https:\/\/kodatrakcyjnosci.pl\/zamowienie\/wp-json\/wp\/v2\/media?parent=26"}],"curies":[{"name":"wp","href":"https:\/\/api.w.org\/{rel}","templated":true}]}}